{"id":1090,"date":"2024-04-02T15:33:25","date_gmt":"2024-04-02T13:33:25","guid":{"rendered":"https:\/\/www.camoma-aparthotel.com\/experiences\/"},"modified":"2024-09-13T12:53:28","modified_gmt":"2024-09-13T10:53:28","slug":"experiences","status":"publish","type":"page","link":"https:\/\/www.camoma-aparthotel.com\/de\/experiences\/","title":{"rendered":"Experiences"},"content":{"rendered":"\t\t<div data-elementor-type=\"wp-page\" data-elementor-id=\"1090\" class=\"elementor elementor-1090 elementor-318\" data-elementor-post-type=\"page\">\n\t\t\t\t<div class=\"elementor-element elementor-element-dc815db e-flex e-con-boxed e-con e-parent\" data-id=\"dc815db\" data-element_type=\"container\">\n\t\t\t\t\t<div class=\"e-con-inner\">\n\t\t<div class=\"elementor-element elementor-element-e57c8d6 e-con-full e-flex e-con e-child\" data-id=\"e57c8d6\" data-element_type=\"container\">\n\t\t\t\t<div class=\"elementor-element elementor-element-38c508f elementor-widget elementor-widget-heading\" data-id=\"38c508f\" data-element_type=\"widget\" data-widget_type=\"heading.default\">\n\t\t\t\t<div class=\"elementor-widget-container\">\n\t\t\t\t\t<h2 class=\"elementor-heading-title elementor-size-default\">Experiences<\/h2>\t\t\t\t<\/div>\n\t\t\t\t<\/div>\n\t\t\t\t<div class=\"elementor-element elementor-element-4cbf559 elementor-widget elementor-widget-text-editor\" data-id=\"4cbf559\" data-element_type=\"widget\" data-widget_type=\"text-editor.default\">\n\t\t\t\t<div class=\"elementor-widget-container\">\n\t\t\t\t\t\t\t\t\t<p>Die strategische Lage von Camoma erm\u00f6glicht dem Gast, verschiedenste Erfahrungen zu erleben.<\/p>\n\t\t\t\t\t\t\t\t<\/div>\n\t\t\t\t<\/div>\n\t\t\t\t<\/div>\n\t\t<div class=\"elementor-element elementor-element-85c9273 e-con-full e-flex e-con e-child\" data-id=\"85c9273\" data-element_type=\"container\">\n\t\t\t\t<div class=\"elementor-element elementor-element-fc72473 elementor-widget elementor-widget-image\" data-id=\"fc72473\" data-element_type=\"widget\" data-widget_type=\"image.default\">\n\t\t\t\t<div class=\"elementor-widget-container\">\n\t\t\t\t\t\t\t\t\t\t\t\t\t\t\t<img fetchpriority=\"high\" decoding=\"async\" width=\"1280\" height=\"1920\" src=\"https:\/\/www.camoma-aparthotel.com\/wp-content\/uploads\/2024\/04\/DSC0126.jpg\" class=\"attachment-full size-full wp-image-474\" alt=\"\" srcset=\"https:\/\/www.camoma-aparthotel.com\/wp-content\/uploads\/2024\/04\/DSC0126.jpg 1280w, https:\/\/www.camoma-aparthotel.com\/wp-content\/uploads\/2024\/04\/DSC0126-200x300.jpg 200w, https:\/\/www.camoma-aparthotel.com\/wp-content\/uploads\/2024\/04\/DSC0126-683x1024.jpg 683w, https:\/\/www.camoma-aparthotel.com\/wp-content\/uploads\/2024\/04\/DSC0126-768x1152.jpg 768w, https:\/\/www.camoma-aparthotel.com\/wp-content\/uploads\/2024\/04\/DSC0126-1024x1536.jpg 1024w\" sizes=\"(max-width: 1280px) 100vw, 1280px\" \/>\t\t\t\t\t\t\t\t\t\t\t\t\t\t\t<\/div>\n\t\t\t\t<\/div>\n\t\t\t\t<\/div>\n\t\t\t\t\t<\/div>\n\t\t\t\t<\/div>\n\t\t<div class=\"elementor-element elementor-element-a1f1c9c e-flex e-con-boxed e-con e-parent\" data-id=\"a1f1c9c\" data-element_type=\"container\">\n\t\t\t\t\t<div class=\"e-con-inner\">\n\t\t<div class=\"elementor-element elementor-element-6c620af e-con-full e-flex e-con e-child\" data-id=\"6c620af\" data-element_type=\"container\">\n\t\t\t\t<div class=\"elementor-element elementor-element-e7994ff elementor-widget elementor-widget-image\" data-id=\"e7994ff\" data-element_type=\"widget\" data-widget_type=\"image.default\">\n\t\t\t\t<div class=\"elementor-widget-container\">\n\t\t\t\t\t\t\t\t\t\t\t\t\t\t\t<img decoding=\"async\" width=\"1079\" height=\"1306\" src=\"https:\/\/www.camoma-aparthotel.com\/wp-content\/uploads\/2024\/04\/on-the-beach.jpg\" class=\"attachment-full size-full wp-image-328\" alt=\"\" srcset=\"https:\/\/www.camoma-aparthotel.com\/wp-content\/uploads\/2024\/04\/on-the-beach.jpg 1079w, https:\/\/www.camoma-aparthotel.com\/wp-content\/uploads\/2024\/04\/on-the-beach-248x300.jpg 248w, https:\/\/www.camoma-aparthotel.com\/wp-content\/uploads\/2024\/04\/on-the-beach-846x1024.jpg 846w, https:\/\/www.camoma-aparthotel.com\/wp-content\/uploads\/2024\/04\/on-the-beach-768x930.jpg 768w\" sizes=\"(max-width: 1079px) 100vw, 1079px\" \/>\t\t\t\t\t\t\t\t\t\t\t\t\t\t\t<\/div>\n\t\t\t\t<\/div>\n\t\t\t\t<\/div>\n\t\t<div class=\"elementor-element elementor-element-04638d1 e-con-full e-flex e-con e-child\" data-id=\"04638d1\" data-element_type=\"container\">\n\t\t\t\t<div class=\"elementor-element elementor-element-bb26c7b elementor-widget elementor-widget-image\" data-id=\"bb26c7b\" data-element_type=\"widget\" data-widget_type=\"image.default\">\n\t\t\t\t<div class=\"elementor-widget-container\">\n\t\t\t\t\t\t\t\t\t\t\t\t\t\t\t<img decoding=\"async\" width=\"284\" height=\"278\" src=\"https:\/\/www.camoma-aparthotel.com\/wp-content\/uploads\/2024\/04\/Risorsa-24.svg\" class=\"attachment-full size-full wp-image-339\" alt=\"\" \/>\t\t\t\t\t\t\t\t\t\t\t\t\t\t\t<\/div>\n\t\t\t\t<\/div>\n\t\t\t\t<div class=\"elementor-element elementor-element-662a5a4 elementor-widget elementor-widget-heading\" data-id=\"662a5a4\" data-element_type=\"widget\" data-widget_type=\"heading.default\">\n\t\t\t\t<div class=\"elementor-widget-container\">\n\t\t\t\t\t<h2 class=\"elementor-heading-title elementor-size-default\">On the beach<\/h2>\t\t\t\t<\/div>\n\t\t\t\t<\/div>\n\t\t\t\t<div class=\"elementor-element elementor-element-7e74e99 elementor-widget elementor-widget-text-editor\" data-id=\"7e74e99\" data-element_type=\"widget\" data-widget_type=\"text-editor.default\">\n\t\t\t\t<div class=\"elementor-widget-container\">\n\t\t\t\t\t\t\t\t\t<p>Der Strand, der auf der H\u00f6he von Camoma liegt, ist ein wirklich besonderer Strand, der von D\u00fcnen und einem Pinienhain gepr\u00e4gt ist, welche ihn wahrhaft einzigartig in seiner Art machen.<\/p>\n\t\t\t\t\t\t\t\t<\/div>\n\t\t\t\t<\/div>\n\t\t\t\t<\/div>\n\t\t\t\t\t<\/div>\n\t\t\t\t<\/div>\n\t\t<div class=\"elementor-element elementor-element-33aa6da e-flex e-con-boxed e-con e-parent\" data-id=\"33aa6da\" data-element_type=\"container\">\n\t\t\t\t\t<div class=\"e-con-inner\">\n\t\t<div class=\"elementor-element elementor-element-76c6652 e-con-full e-flex e-con e-child\" data-id=\"76c6652\" data-element_type=\"container\">\n\t\t\t\t<div class=\"elementor-element elementor-element-3ed347b elementor-widget elementor-widget-image\" data-id=\"3ed347b\" data-element_type=\"widget\" data-widget_type=\"image.default\">\n\t\t\t\t<div class=\"elementor-widget-container\">\n\t\t\t\t\t\t\t\t\t\t\t\t\t\t\t<img loading=\"lazy\" decoding=\"async\" width=\"405\" height=\"254\" src=\"https:\/\/www.camoma-aparthotel.com\/wp-content\/uploads\/2024\/04\/Risorsa-25.svg\" class=\"attachment-full size-full wp-image-341\" alt=\"\" \/>\t\t\t\t\t\t\t\t\t\t\t\t\t\t\t<\/div>\n\t\t\t\t<\/div>\n\t\t\t\t<div class=\"elementor-element elementor-element-7dc0050 elementor-widget elementor-widget-heading\" data-id=\"7dc0050\" data-element_type=\"widget\" data-widget_type=\"heading.default\">\n\t\t\t\t<div class=\"elementor-widget-container\">\n\t\t\t\t\t<h2 class=\"elementor-heading-title elementor-size-default\">Explore by bike<\/h2>\t\t\t\t<\/div>\n\t\t\t\t<\/div>\n\t\t\t\t<div class=\"elementor-element elementor-element-984970f elementor-widget elementor-widget-text-editor\" data-id=\"984970f\" data-element_type=\"widget\" data-widget_type=\"text-editor.default\">\n\t\t\t\t<div class=\"elementor-widget-container\">\n\t\t\t\t\t\t\t\t\t<p>Camoma bietet die M\u00f6glichkeit, Fahrr\u00e4der auszuleihen und damit die vielf\u00e4ltigen, im Gebiet vorhandenen Routen zu erkunden, von denen jede eine andere Erfahrung erleben l\u00e4sst.<\/p>\n\t\t\t\t\t\t\t\t<\/div>\n\t\t\t\t<\/div>\n\t\t\t\t<\/div>\n\t\t<div class=\"elementor-element elementor-element-011f314 e-con-full e-flex e-con e-child\" data-id=\"011f314\" data-element_type=\"container\">\n\t\t\t\t<div class=\"elementor-element elementor-element-9791846 elementor-widget elementor-widget-image\" data-id=\"9791846\" data-element_type=\"widget\" data-widget_type=\"image.default\">\n\t\t\t\t<div class=\"elementor-widget-container\">\n\t\t\t\t\t\t\t\t\t\t\t\t\t\t\t<img loading=\"lazy\" decoding=\"async\" width=\"1079\" height=\"1306\" src=\"https:\/\/www.camoma-aparthotel.com\/wp-content\/uploads\/2024\/04\/bike.jpg\" class=\"attachment-full size-full wp-image-332\" alt=\"\" srcset=\"https:\/\/www.camoma-aparthotel.com\/wp-content\/uploads\/2024\/04\/bike.jpg 1079w, https:\/\/www.camoma-aparthotel.com\/wp-content\/uploads\/2024\/04\/bike-248x300.jpg 248w, https:\/\/www.camoma-aparthotel.com\/wp-content\/uploads\/2024\/04\/bike-846x1024.jpg 846w, https:\/\/www.camoma-aparthotel.com\/wp-content\/uploads\/2024\/04\/bike-768x930.jpg 768w\" sizes=\"(max-width: 1079px) 100vw, 1079px\" \/>\t\t\t\t\t\t\t\t\t\t\t\t\t\t\t<\/div>\n\t\t\t\t<\/div>\n\t\t\t\t<\/div>\n\t\t\t\t\t<\/div>\n\t\t\t\t<\/div>\n\t\t<div class=\"elementor-element elementor-element-2b69f77 e-flex e-con-boxed e-con e-parent\" data-id=\"2b69f77\" data-element_type=\"container\">\n\t\t\t\t\t<div class=\"e-con-inner\">\n\t\t<div class=\"elementor-element elementor-element-3cbe126 e-con-full e-flex e-con e-child\" data-id=\"3cbe126\" data-element_type=\"container\">\n\t\t\t\t<div class=\"elementor-element elementor-element-39942cd elementor-widget elementor-widget-image\" data-id=\"39942cd\" data-element_type=\"widget\" data-widget_type=\"image.default\">\n\t\t\t\t<div class=\"elementor-widget-container\">\n\t\t\t\t\t\t\t\t\t\t\t\t\t\t\t<img loading=\"lazy\" decoding=\"async\" width=\"1079\" height=\"1306\" src=\"https:\/\/www.camoma-aparthotel.com\/wp-content\/uploads\/2024\/04\/venezia.jpg\" class=\"attachment-full size-full wp-image-335\" alt=\"\" srcset=\"https:\/\/www.camoma-aparthotel.com\/wp-content\/uploads\/2024\/04\/venezia.jpg 1079w, https:\/\/www.camoma-aparthotel.com\/wp-content\/uploads\/2024\/04\/venezia-248x300.jpg 248w, https:\/\/www.camoma-aparthotel.com\/wp-content\/uploads\/2024\/04\/venezia-846x1024.jpg 846w, https:\/\/www.camoma-aparthotel.com\/wp-content\/uploads\/2024\/04\/venezia-768x930.jpg 768w\" sizes=\"(max-width: 1079px) 100vw, 1079px\" \/>\t\t\t\t\t\t\t\t\t\t\t\t\t\t\t<\/div>\n\t\t\t\t<\/div>\n\t\t\t\t<\/div>\n\t\t<div class=\"elementor-element elementor-element-20ca215 e-con-full e-flex e-con e-child\" data-id=\"20ca215\" data-element_type=\"container\">\n\t\t\t\t<div class=\"elementor-element elementor-element-17ec3fa elementor-widget elementor-widget-image\" data-id=\"17ec3fa\" data-element_type=\"widget\" data-widget_type=\"image.default\">\n\t\t\t\t<div class=\"elementor-widget-container\">\n\t\t\t\t\t\t\t\t\t\t\t\t\t\t\t<img loading=\"lazy\" decoding=\"async\" width=\"459\" height=\"214\" src=\"https:\/\/www.camoma-aparthotel.com\/wp-content\/uploads\/2024\/04\/Risorsa-26.svg\" class=\"attachment-full size-full wp-image-345\" alt=\"\" \/>\t\t\t\t\t\t\t\t\t\t\t\t\t\t\t<\/div>\n\t\t\t\t<\/div>\n\t\t\t\t<div class=\"elementor-element elementor-element-5bee495 elementor-widget elementor-widget-heading\" data-id=\"5bee495\" data-element_type=\"widget\" data-widget_type=\"heading.default\">\n\t\t\t\t<div class=\"elementor-widget-container\">\n\t\t\t\t\t<h2 class=\"elementor-heading-title elementor-size-default\">Venedig liegt vor der T\u00fcr<\/h2>\t\t\t\t<\/div>\n\t\t\t\t<\/div>\n\t\t\t\t<div class=\"elementor-element elementor-element-6b432a5 elementor-widget elementor-widget-text-editor\" data-id=\"6b432a5\" data-element_type=\"widget\" data-widget_type=\"text-editor.default\">\n\t\t\t\t<div class=\"elementor-widget-container\">\n\t\t\t\t\t\t\t\t\t<p>Venedig ist vom Camoma einfach zu erreichen, eine der sch\u00f6nsten St\u00e4dte der Welt, die Ihnen f\u00fcr immer eine denkw\u00fcrdige Erinnerung schenkt.<\/p>\n\t\t\t\t\t\t\t\t<\/div>\n\t\t\t\t<\/div>\n\t\t\t\t<\/div>\n\t\t\t\t\t<\/div>\n\t\t\t\t<\/div>\n\t\t<div class=\"elementor-element elementor-element-6fe5d34 e-flex e-con-boxed e-con e-parent\" data-id=\"6fe5d34\" data-element_type=\"container\">\n\t\t\t\t\t<div class=\"e-con-inner\">\n\t\t<div class=\"elementor-element elementor-element-8516d4c e-con-full e-flex e-con e-child\" data-id=\"8516d4c\" data-element_type=\"container\">\n\t\t\t\t<div class=\"elementor-element elementor-element-39cc38b elementor-widget elementor-widget-heading\" data-id=\"39cc38b\" data-element_type=\"widget\" data-widget_type=\"heading.default\">\n\t\t\t\t<div class=\"elementor-widget-container\">\n\t\t\t\t\t<h2 class=\"elementor-heading-title elementor-size-default\">Caorle, Treviso e Cortina<\/h2>\t\t\t\t<\/div>\n\t\t\t\t<\/div>\n\t\t\t\t<div class=\"elementor-element elementor-element-63d2a1d elementor-widget elementor-widget-text-editor\" data-id=\"63d2a1d\" data-element_type=\"widget\" data-widget_type=\"text-editor.default\">\n\t\t\t\t<div class=\"elementor-widget-container\">\n\t\t\t\t\t\t\t\t\t<p>Von der Sch\u00f6nheit des K\u00fcstenortes Caorle \u00fcber den Zauber von Treviso bis hin zu den ber\u00fchmten Dolomiten und ihrer Perle &#8230; Cortina. Von Camoma aus sind die Sch\u00f6nheiten des \u00f6stlichen Venetiens nur einen Schritt entfernt.  <\/p>\n\t\t\t\t\t\t\t\t<\/div>\n\t\t\t\t<\/div>\n\t\t\t\t<\/div>\n\t\t<div class=\"elementor-element elementor-element-b8950d2 e-con-full e-flex e-con e-child\" data-id=\"b8950d2\" data-element_type=\"container\">\n\t\t\t\t<div class=\"elementor-element elementor-element-ae04238 elementor-widget elementor-widget-image\" data-id=\"ae04238\" data-element_type=\"widget\" data-widget_type=\"image.default\">\n\t\t\t\t<div class=\"elementor-widget-container\">\n\t\t\t\t\t\t\t\t\t\t\t\t\t\t\t<img loading=\"lazy\" decoding=\"async\" width=\"1080\" height=\"1155\" src=\"https:\/\/www.camoma-aparthotel.com\/wp-content\/uploads\/2024\/09\/cortina.jpg\" class=\"attachment-full size-full wp-image-1258\" alt=\"\" srcset=\"https:\/\/www.camoma-aparthotel.com\/wp-content\/uploads\/2024\/09\/cortina.jpg 1080w, https:\/\/www.camoma-aparthotel.com\/wp-content\/uploads\/2024\/09\/cortina-281x300.jpg 281w, https:\/\/www.camoma-aparthotel.com\/wp-content\/uploads\/2024\/09\/cortina-958x1024.jpg 958w, https:\/\/www.camoma-aparthotel.com\/wp-content\/uploads\/2024\/09\/cortina-768x821.jpg 768w\" sizes=\"(max-width: 1080px) 100vw, 1080px\" \/>\t\t\t\t\t\t\t\t\t\t\t\t\t\t\t<\/div>\n\t\t\t\t<\/div>\n\t\t\t\t<\/div>\n\t\t\t\t\t<\/div>\n\t\t\t\t<\/div>\n\t\t\t\t<\/div>\n\t\t","protected":false},"excerpt":{"rendered":"<p>Experiences Die strategische Lage von Camoma erm\u00f6glicht dem Gast, verschiedenste Erfahrungen zu erleben. On the beach Der Strand, der auf der H\u00f6he von Camoma liegt, ist ein wirklich besonderer Strand, der von D\u00fcnen und einem Pinienhain gepr\u00e4gt ist, welche ihn wahrhaft einzigartig in seiner Art machen. Explore by bike Camoma bietet die M\u00f6glichkeit, Fahrr\u00e4der auszuleihen [&hellip;]<\/p>\n","protected":false},"author":2,"featured_media":0,"parent":0,"menu_order":0,"comment_status":"closed","ping_status":"closed","template":"","meta":{"inline_featured_image":false,"footnotes":""},"class_list":["post-1090","page","type-page","status-publish","hentry"],"_links":{"self":[{"href":"https:\/\/www.camoma-aparthotel.com\/de\/wp-json\/wp\/v2\/pages\/1090","targetHints":{"allow":["GET"]}}],"collection":[{"href":"https:\/\/www.camoma-aparthotel.com\/de\/wp-json\/wp\/v2\/pages"}],"about":[{"href":"https:\/\/www.camoma-aparthotel.com\/de\/wp-json\/wp\/v2\/types\/page"}],"author":[{"embeddable":true,"href":"https:\/\/www.camoma-aparthotel.com\/de\/wp-json\/wp\/v2\/users\/2"}],"replies":[{"embeddable":true,"href":"https:\/\/www.camoma-aparthotel.com\/de\/wp-json\/wp\/v2\/comments?post=1090"}],"version-history":[{"count":2,"href":"https:\/\/www.camoma-aparthotel.com\/de\/wp-json\/wp\/v2\/pages\/1090\/revisions"}],"predecessor-version":[{"id":1340,"href":"https:\/\/www.camoma-aparthotel.com\/de\/wp-json\/wp\/v2\/pages\/1090\/revisions\/1340"}],"wp:attachment":[{"href":"https:\/\/www.camoma-aparthotel.com\/de\/wp-json\/wp\/v2\/media?parent=1090"}],"curies":[{"name":"wp","href":"https:\/\/api.w.org\/{rel}","templated":true}]}}